{"id":6027,"date":"2017-02-14T17:35:28","date_gmt":"2017-02-14T17:35:28","guid":{"rendered":"https:\/\/esteponaliving.com\/en\/spain-estepona-recommended-services\/spanje-banken-en-hypotheken\/"},"modified":"2021-02-10T12:56:44","modified_gmt":"2021-02-10T12:56:44","slug":"mortgage-advice","status":"publish","type":"page","link":"https:\/\/esteponaliving.com\/en\/spain-estepona-recommended-services\/mortgage-advice\/","title":{"rendered":"Banks and Mortgages"},"content":{"rendered":"<h2>Banks and Mortgages<\/h2>\n<p><img loading=\"lazy\" decoding=\"async\" class=\"wp-image-5522 alignleft\" src=\"https:\/\/esteponaliving.com\/wp-content\/uploads\/2017\/02\/future-market-estepona-marbella.jpg\" alt=\"Future Market Estepona Marbella\" width=\"400\" height=\"200\" srcset=\"https:\/\/esteponaliving.com\/wp-content\/uploads\/2017\/02\/future-market-estepona-marbella.jpg 1200w, https:\/\/esteponaliving.com\/wp-content\/uploads\/2017\/02\/future-market-estepona-marbella-300x150.jpg 300w, https:\/\/esteponaliving.com\/wp-content\/uploads\/2017\/02\/future-market-estepona-marbella-768x384.jpg 768w, https:\/\/esteponaliving.com\/wp-content\/uploads\/2017\/02\/future-market-estepona-marbella-1024x512.jpg 1024w, https:\/\/esteponaliving.com\/wp-content\/uploads\/2017\/02\/future-market-estepona-marbella-600x300.jpg 600w\" sizes=\"auto, (max-width: 400px) 100vw, 400px\" \/><\/p>\n<h3>Mortgage advice<\/h3>\n<p style=\"text-align: justify;\">When you are searching for a property in Spain, you will be looking at the best possible finance opportunities. Estepona Living Real Estate assists people in this process, by guiding them to the specialists in this field.<\/p>\n<p style=\"text-align: justify;\">Financing with your own capital is not always the best route to go. Of course a lot depends on the current economic situation and financial circumstances.<\/p>\n<p style=\"text-align: justify;\">Depending on your situation it might be more interesting to finance your property (in part) with a mortgage.<\/p>\n<p style=\"text-align: justify;\"><strong>Estepona Living has a network of English and Dutch speaking experts and banks who can give professional advice and assistance in this process. This assistance starts by selecting the best finance for your situation to the eventual signing of the title deeds at the Notary.<\/strong><\/p>\n<h3>Bank Affairs<\/h3>\n<p style=\"text-align: justify;\">Estepona Living will help you to set things up and get things started as soon as possible. In collaboration with your lawyer, Estepona Living will assist you in opening up a new bank account together with arranging direct debits for the various payments connected to your property. Things like internet banking and credit card payments can easily be arranged.<\/p>\n<hr \/>\n<p><img loading=\"lazy\" decoding=\"async\" class=\"size-medium wp-image-7039 aligncenter\" src=\"https:\/\/esteponaliving.com\/wp-content\/uploads\/2021\/02\/LOGO-WE-CARE-300x86.jpg\" alt=\"\" width=\"300\" height=\"86\" srcset=\"https:\/\/esteponaliving.com\/wp-content\/uploads\/2021\/02\/LOGO-WE-CARE-300x86.jpg 300w, https:\/\/esteponaliving.com\/wp-content\/uploads\/2021\/02\/LOGO-WE-CARE-768x219.jpg 768w, https:\/\/esteponaliving.com\/wp-content\/uploads\/2021\/02\/LOGO-WE-CARE-1024x292.jpg 1024w, https:\/\/esteponaliving.com\/wp-content\/uploads\/2021\/02\/LOGO-WE-CARE-600x171.jpg 600w, https:\/\/esteponaliving.com\/wp-content\/uploads\/2021\/02\/LOGO-WE-CARE.jpg 1502w\" sizes=\"auto, (max-width: 300px) 100vw, 300px\" \/><\/p>\n<h2 style=\"text-align: center;\"><strong>Mortgages and insurances for Spanish properties <\/strong><\/h2>\n<p style=\"text-align: center;\"><strong>Your Reliable experts in the Estepona- Marbella- Malaga area <\/strong><\/p>\n<p style=\"text-align: center;\">Calle Skandia 2, 29640 Fuengirola (M\u00e1laga &#8211; Spain)<\/p>\n<p style=\"text-align: center;\">Tel : (+34) 952 263 023<\/p>\n<p style=\"text-align: center;\">Email: <a href=\"mailto:info@wecaremortgages.com\">info@wecaremortgages.com<\/a><\/p>\n<p style=\"text-align: center;\"><a href=\"http:\/\/www.spanjehypotheek.com\">www.spanjehypotheek.com<\/a><\/p>\n<hr \/>\n<p><img loading=\"lazy\" decoding=\"async\" class=\"wp-image-6021 center aligncenter\" src=\"https:\/\/esteponaliving.com\/wp-content\/uploads\/2017\/02\/abn-amro-logo-colour.jpg\" alt=\"\" width=\"300\" height=\"82\" \/><\/p>\n<h2 style=\"text-align: center;\"><strong>&#8221; Life moves in good company &#8220;<\/strong><\/h2>\n<p style=\"text-align: center;\"><strong>* Buying a house abroad<\/strong><\/p>\n<p style=\"text-align: center;\"><strong>* International estate planning<\/strong><\/p>\n<p style=\"text-align: center;\"><strong>* Your assets<\/strong><\/p>\n<h2 style=\"text-align: center;\"><strong>Customized services in English<\/strong><\/h2>\n<p style=\"text-align: center;\"><strong>ABN AMRO &#8211; Private Banking<\/strong><\/p>\n<p style=\"text-align: center;\"><strong>Avenida Jos\u00e9 Ban\u00fas &#8211; Edificio M\u00e1laga II 2B <\/strong><\/p>\n<p style=\"text-align: center;\"><strong>Nueva Andalucia 29660 Marbella, M\u00e1laga, Spain <\/strong><\/p>\n<p style=\"text-align: center;\">Tel. +34 952 90 88 43. Fax. +34 952 81 48 80<\/p>\n<p style=\"text-align: center;\"><a href=\"http:\/\/www.worldcitizenservices.com\">www.worldcitizenservices.com<\/a><\/p>\n","protected":false},"excerpt":{"rendered":"<p>Banks and Mortgages Mortgage advice When you are searching for a property in Spain, you will be looking at the best possible finance opportunities. Estepona Living Real Estate assists people [&hellip;]<\/p>\n","protected":false},"author":1,"featured_media":6025,"parent":6002,"menu_order":0,"comment_status":"closed","ping_status":"closed","template":"","meta":{"footnotes":""},"class_list":["post-6027","page","type-page","status-publish","has-post-thumbnail","hentry"],"yoast_head":"<!-- This site is optimized with the Yoast SEO plugin v24.8.1 - https:\/\/yoast.com\/wordpress\/plugins\/seo\/ -->\n<title>Estepona Living, Banks and Mortgages in Spain, Estepona Banks and Mortgages, Costa del Sol.<\/title>\n<meta name=\"description\" content=\"When you are searching for a property in Spain, you will be looking at the best possible finance opportunities. Estepona Living Real Estate assists people in this process...\" \/>\n<meta name=\"robots\" content=\"index, follow, max-snippet:-1, max-image-preview:large, max-video-preview:-1\" \/>\n<link rel=\"canonical\" href=\"https:\/\/esteponaliving.com\/en\/spain-estepona-recommended-services\/mortgage-advice\/\" \/>\n<meta property=\"og:locale\" content=\"en_GB\" \/>\n<meta property=\"og:type\" content=\"article\" \/>\n<meta property=\"og:title\" content=\"Estepona Living, Banks and Mortgages in Spain, Estepona Banks and Mortgages, Costa del Sol.\" \/>\n<meta property=\"og:description\" content=\"When you are searching for a property in Spain, you will be looking at the best possible finance opportunities. Estepona Living Real Estate assists people in this process...\" \/>\n<meta property=\"og:url\" content=\"https:\/\/esteponaliving.com\/en\/spain-estepona-recommended-services\/mortgage-advice\/\" \/>\n<meta property=\"og:site_name\" content=\"ESTEPONA LIVING\" \/>\n<meta property=\"article:publisher\" content=\"https:\/\/www.facebook.com\/esteponaliving\/\" \/>\n<meta property=\"article:modified_time\" content=\"2021-02-10T12:56:44+00:00\" \/>\n<meta property=\"og:image\" content=\"https:\/\/esteponaliving.com\/wp-content\/uploads\/2017\/02\/mortgage-in-spain.jpg\" \/>\n\t<meta property=\"og:image:width\" content=\"1200\" \/>\n\t<meta property=\"og:image:height\" content=\"600\" \/>\n\t<meta property=\"og:image:type\" content=\"image\/jpeg\" \/>\n<meta name=\"twitter:card\" content=\"summary_large_image\" \/>\n<meta name=\"twitter:label1\" content=\"Estimated reading time\" \/>\n\t<meta name=\"twitter:data1\" content=\"1 minute\" \/>\n<script type=\"application\/ld+json\" class=\"yoast-schema-graph\">{\"@context\":\"https:\/\/schema.org\",\"@graph\":[{\"@type\":\"WebPage\",\"@id\":\"https:\/\/esteponaliving.com\/en\/spain-estepona-recommended-services\/mortgage-advice\/\",\"url\":\"https:\/\/esteponaliving.com\/en\/spain-estepona-recommended-services\/mortgage-advice\/\",\"name\":\"Estepona Living, Banks and Mortgages in Spain, Estepona Banks and Mortgages, Costa del Sol.\",\"isPartOf\":{\"@id\":\"https:\/\/esteponaliving.com\/en\/#website\"},\"primaryImageOfPage\":{\"@id\":\"https:\/\/esteponaliving.com\/en\/spain-estepona-recommended-services\/mortgage-advice\/#primaryimage\"},\"image\":{\"@id\":\"https:\/\/esteponaliving.com\/en\/spain-estepona-recommended-services\/mortgage-advice\/#primaryimage\"},\"thumbnailUrl\":\"https:\/\/esteponaliving.com\/wp-content\/uploads\/2017\/02\/mortgage-in-spain.jpg\",\"datePublished\":\"2017-02-14T17:35:28+00:00\",\"dateModified\":\"2021-02-10T12:56:44+00:00\",\"description\":\"When you are searching for a property in Spain, you will be looking at the best possible finance opportunities. Estepona Living Real Estate assists people in this process...\",\"breadcrumb\":{\"@id\":\"https:\/\/esteponaliving.com\/en\/spain-estepona-recommended-services\/mortgage-advice\/#breadcrumb\"},\"inLanguage\":\"en-GB\",\"potentialAction\":[{\"@type\":\"ReadAction\",\"target\":[\"https:\/\/esteponaliving.com\/en\/spain-estepona-recommended-services\/mortgage-advice\/\"]}]},{\"@type\":\"ImageObject\",\"inLanguage\":\"en-GB\",\"@id\":\"https:\/\/esteponaliving.com\/en\/spain-estepona-recommended-services\/mortgage-advice\/#primaryimage\",\"url\":\"https:\/\/esteponaliving.com\/wp-content\/uploads\/2017\/02\/mortgage-in-spain.jpg\",\"contentUrl\":\"https:\/\/esteponaliving.com\/wp-content\/uploads\/2017\/02\/mortgage-in-spain.jpg\",\"width\":1200,\"height\":600,\"caption\":\"Mortgage in Spain\"},{\"@type\":\"BreadcrumbList\",\"@id\":\"https:\/\/esteponaliving.com\/en\/spain-estepona-recommended-services\/mortgage-advice\/#breadcrumb\",\"itemListElement\":[{\"@type\":\"ListItem\",\"position\":1,\"name\":\"Home\",\"item\":\"https:\/\/esteponaliving.com\/en\/\"},{\"@type\":\"ListItem\",\"position\":2,\"name\":\"Recommended Services\",\"item\":\"https:\/\/esteponaliving.com\/en\/spain-estepona-recommended-services\/\"},{\"@type\":\"ListItem\",\"position\":3,\"name\":\"Banks and Mortgages\"}]},{\"@type\":\"WebSite\",\"@id\":\"https:\/\/esteponaliving.com\/en\/#website\",\"url\":\"https:\/\/esteponaliving.com\/en\/\",\"name\":\"ESTEPONA LIVING\",\"description\":\"Properties for sale in Estepona, Real Estate in Marbella, Estepona\",\"potentialAction\":[{\"@type\":\"SearchAction\",\"target\":{\"@type\":\"EntryPoint\",\"urlTemplate\":\"https:\/\/esteponaliving.com\/en\/?s={search_term_string}\"},\"query-input\":{\"@type\":\"PropertyValueSpecification\",\"valueRequired\":true,\"valueName\":\"search_term_string\"}}],\"inLanguage\":\"en-GB\"}]}<\/script>\n<!-- \/ Yoast SEO plugin. -->","yoast_head_json":{"title":"Estepona Living, Banks and Mortgages in Spain, Estepona Banks and Mortgages, Costa del Sol.","description":"When you are searching for a property in Spain, you will be looking at the best possible finance opportunities. Estepona Living Real Estate assists people in this process...","robots":{"index":"index","follow":"follow","max-snippet":"max-snippet:-1","max-image-preview":"max-image-preview:large","max-video-preview":"max-video-preview:-1"},"canonical":"https:\/\/esteponaliving.com\/en\/spain-estepona-recommended-services\/mortgage-advice\/","og_locale":"en_GB","og_type":"article","og_title":"Estepona Living, Banks and Mortgages in Spain, Estepona Banks and Mortgages, Costa del Sol.","og_description":"When you are searching for a property in Spain, you will be looking at the best possible finance opportunities. Estepona Living Real Estate assists people in this process...","og_url":"https:\/\/esteponaliving.com\/en\/spain-estepona-recommended-services\/mortgage-advice\/","og_site_name":"ESTEPONA LIVING","article_publisher":"https:\/\/www.facebook.com\/esteponaliving\/","article_modified_time":"2021-02-10T12:56:44+00:00","og_image":[{"width":1200,"height":600,"url":"https:\/\/esteponaliving.com\/wp-content\/uploads\/2017\/02\/mortgage-in-spain.jpg","type":"image\/jpeg"}],"twitter_card":"summary_large_image","twitter_misc":{"Estimated reading time":"1 minute"},"schema":{"@context":"https:\/\/schema.org","@graph":[{"@type":"WebPage","@id":"https:\/\/esteponaliving.com\/en\/spain-estepona-recommended-services\/mortgage-advice\/","url":"https:\/\/esteponaliving.com\/en\/spain-estepona-recommended-services\/mortgage-advice\/","name":"Estepona Living, Banks and Mortgages in Spain, Estepona Banks and Mortgages, Costa del Sol.","isPartOf":{"@id":"https:\/\/esteponaliving.com\/en\/#website"},"primaryImageOfPage":{"@id":"https:\/\/esteponaliving.com\/en\/spain-estepona-recommended-services\/mortgage-advice\/#primaryimage"},"image":{"@id":"https:\/\/esteponaliving.com\/en\/spain-estepona-recommended-services\/mortgage-advice\/#primaryimage"},"thumbnailUrl":"https:\/\/esteponaliving.com\/wp-content\/uploads\/2017\/02\/mortgage-in-spain.jpg","datePublished":"2017-02-14T17:35:28+00:00","dateModified":"2021-02-10T12:56:44+00:00","description":"When you are searching for a property in Spain, you will be looking at the best possible finance opportunities. Estepona Living Real Estate assists people in this process...","breadcrumb":{"@id":"https:\/\/esteponaliving.com\/en\/spain-estepona-recommended-services\/mortgage-advice\/#breadcrumb"},"inLanguage":"en-GB","potentialAction":[{"@type":"ReadAction","target":["https:\/\/esteponaliving.com\/en\/spain-estepona-recommended-services\/mortgage-advice\/"]}]},{"@type":"ImageObject","inLanguage":"en-GB","@id":"https:\/\/esteponaliving.com\/en\/spain-estepona-recommended-services\/mortgage-advice\/#primaryimage","url":"https:\/\/esteponaliving.com\/wp-content\/uploads\/2017\/02\/mortgage-in-spain.jpg","contentUrl":"https:\/\/esteponaliving.com\/wp-content\/uploads\/2017\/02\/mortgage-in-spain.jpg","width":1200,"height":600,"caption":"Mortgage in Spain"},{"@type":"BreadcrumbList","@id":"https:\/\/esteponaliving.com\/en\/spain-estepona-recommended-services\/mortgage-advice\/#breadcrumb","itemListElement":[{"@type":"ListItem","position":1,"name":"Home","item":"https:\/\/esteponaliving.com\/en\/"},{"@type":"ListItem","position":2,"name":"Recommended Services","item":"https:\/\/esteponaliving.com\/en\/spain-estepona-recommended-services\/"},{"@type":"ListItem","position":3,"name":"Banks and Mortgages"}]},{"@type":"WebSite","@id":"https:\/\/esteponaliving.com\/en\/#website","url":"https:\/\/esteponaliving.com\/en\/","name":"ESTEPONA LIVING","description":"Properties for sale in Estepona, Real Estate in Marbella, Estepona","potentialAction":[{"@type":"SearchAction","target":{"@type":"EntryPoint","urlTemplate":"https:\/\/esteponaliving.com\/en\/?s={search_term_string}"},"query-input":{"@type":"PropertyValueSpecification","valueRequired":true,"valueName":"search_term_string"}}],"inLanguage":"en-GB"}]}},"_links":{"self":[{"href":"https:\/\/esteponaliving.com\/en\/wp-json\/wp\/v2\/pages\/6027","targetHints":{"allow":["GET"]}}],"collection":[{"href":"https:\/\/esteponaliving.com\/en\/wp-json\/wp\/v2\/pages"}],"about":[{"href":"https:\/\/esteponaliving.com\/en\/wp-json\/wp\/v2\/types\/page"}],"author":[{"embeddable":true,"href":"https:\/\/esteponaliving.com\/en\/wp-json\/wp\/v2\/users\/1"}],"replies":[{"embeddable":true,"href":"https:\/\/esteponaliving.com\/en\/wp-json\/wp\/v2\/comments?post=6027"}],"version-history":[{"count":0,"href":"https:\/\/esteponaliving.com\/en\/wp-json\/wp\/v2\/pages\/6027\/revisions"}],"up":[{"embeddable":true,"href":"https:\/\/esteponaliving.com\/en\/wp-json\/wp\/v2\/pages\/6002"}],"wp:featuredmedia":[{"embeddable":true,"href":"https:\/\/esteponaliving.com\/en\/wp-json\/wp\/v2\/media\/6025"}],"wp:attachment":[{"href":"https:\/\/esteponaliving.com\/en\/wp-json\/wp\/v2\/media?parent=6027"}],"curies":[{"name":"wp","href":"https:\/\/api.w.org\/{rel}","templated":true}]}}